{"id":4057,"date":"2023-07-11T14:56:16","date_gmt":"2023-07-11T12:56:16","guid":{"rendered":"https:\/\/mia.dev.wedgi.fr\/catalogue\/ch00066-2\/"},"modified":"2025-05-22T14:56:00","modified_gmt":"2025-05-22T12:56:00","slug":"ch00066-2","status":"publish","type":"product","link":"https:\/\/www.mia-equipments.com\/en\/catalogue\/ch00066-2\/","title":{"rendered":"UC-0240 2 SPI5"},"content":{"rendered":"<p>Groupe d&#8217;eau glac\u00e9e LAUDA d&#8217;occasion en excellent \u00e9tat. Ce refroidisseur couvre une plage d&#8217;application de -5\u00b0C jusqu&#8217;\u00e0 25\u00b0C en temp\u00e9rature de sortie d&#8217;eau. Le r\u00e9servoir de 100L et la pompe int\u00e9gr\u00e9e rendent ce groupe compl\u00e8tement autonome.<\/p>\n","protected":false},"excerpt":{"rendered":"<p>Groupe d&#8217;eau glac\u00e9e LAUDA d&#8217;occasion en excellent \u00e9tat. Ce refroidisseur couvre une plage d&#8217;application de -5\u00b0C jusqu&#8217;\u00e0 25\u00b0C en temp\u00e9rature de sortie d&#8217;eau. Le r\u00e9servoir de 100L et la pompe int\u00e9gr\u00e9e rendent ce groupe compl\u00e8tement autonome.<\/p>\n","protected":false},"featured_media":3072,"template":"","meta":{"_acf_changed":false,"_et_pb_use_builder":"off","_et_pb_old_content":"Groupe d'eau glac\u00e9e LAUDA d'occasion en excellent \u00e9tat. Ce refroidisseur couvre une plage d'application de -5\u00b0C jusqu'\u00e0 25\u00b0C en temp\u00e9rature de sortie d'eau. Le r\u00e9servoir de 100L et la pompe int\u00e9gr\u00e9e rendent ce groupe compl\u00e8tement autonome.","_et_gb_content_width":""},"product_brand":[],"product_cat":[40],"product_tag":[],"class_list":{"0":"post-4057","1":"product","2":"type-product","3":"status-publish","4":"has-post-thumbnail","6":"product_cat-groupes-deau-glacee","8":"first","9":"instock","10":"purchasable","11":"product-type-simple"},"acf":[],"_links":{"self":[{"href":"https:\/\/www.mia-equipments.com\/en\/wp-json\/wp\/v2\/product\/4057","targetHints":{"allow":["GET"]}}],"collection":[{"href":"https:\/\/www.mia-equipments.com\/en\/wp-json\/wp\/v2\/product"}],"about":[{"href":"https:\/\/www.mia-equipments.com\/en\/wp-json\/wp\/v2\/types\/product"}],"wp:featuredmedia":[{"embeddable":true,"href":"https:\/\/www.mia-equipments.com\/en\/wp-json\/wp\/v2\/media\/3072"}],"wp:attachment":[{"href":"https:\/\/www.mia-equipments.com\/en\/wp-json\/wp\/v2\/media?parent=4057"}],"wp:term":[{"taxonomy":"product_brand","embeddable":true,"href":"https:\/\/www.mia-equipments.com\/en\/wp-json\/wp\/v2\/product_brand?post=4057"},{"taxonomy":"product_cat","embeddable":true,"href":"https:\/\/www.mia-equipments.com\/en\/wp-json\/wp\/v2\/product_cat?post=4057"},{"taxonomy":"product_tag","embeddable":true,"href":"https:\/\/www.mia-equipments.com\/en\/wp-json\/wp\/v2\/product_tag?post=4057"}],"curies":[{"name":"wp","href":"https:\/\/api.w.org\/{rel}","templated":true}]}}