{"id":4059,"date":"2023-07-11T14:56:24","date_gmt":"2023-07-11T12:56:24","guid":{"rendered":"https:\/\/mia.dev.wedgi.fr\/catalogue\/ch00044-2\/"},"modified":"2026-01-13T09:32:29","modified_gmt":"2026-01-13T08:32:29","slug":"ch00044-2","status":"publish","type":"product","link":"https:\/\/www.mia-equipments.com\/en\/catalogue\/ch00044-2\/","title":{"rendered":"NRL0700X (HS)"},"content":{"rendered":"<p>Groupe d\u2019eau glac\u00e9e Aermec d\u2019occasion en tr\u00e8s bon \u00e9tat. Ce chiller \u00e0 condensation par air est compos\u00e9 de compresseurs SCROLL, d\u2019un \u00e9changeur \u00e0 plaque et d\u2019un d\u00e9tendeur \u00e9lectronique permettant un fonctionnement \u00e0 basse temp\u00e9rature (-6\u00b0C). Avec son module hydraulique int\u00e9gr\u00e9, ce refroidisseur est pr\u00eat \u00e0 \u00eatre install\u00e9.<\/p>\n","protected":false},"excerpt":{"rendered":"<p>Groupe d\u2019eau glac\u00e9e Aermec d\u2019occasion en tr\u00e8s bon \u00e9tat. Ce chiller \u00e0 condensation par air est compos\u00e9 de compresseurs SCROLL, d\u2019un \u00e9changeur \u00e0 plaque et d\u2019un d\u00e9tendeur \u00e9lectronique permettant un fonctionnement \u00e0 basse temp\u00e9rature (-6\u00b0C). Avec son module hydraulique int\u00e9gr\u00e9, ce refroidisseur est pr\u00eat \u00e0 \u00eatre install\u00e9.<\/p>\n","protected":false},"featured_media":3165,"template":"","meta":{"_acf_changed":false,"_et_pb_use_builder":"","_et_pb_old_content":"","_et_gb_content_width":""},"product_brand":[],"product_cat":[40],"product_tag":[],"class_list":{"0":"post-4059","1":"product","2":"type-product","3":"status-publish","4":"has-post-thumbnail","6":"product_cat-groupes-deau-glacee","8":"first","9":"instock","10":"purchasable","11":"product-type-simple"},"acf":[],"_links":{"self":[{"href":"https:\/\/www.mia-equipments.com\/en\/wp-json\/wp\/v2\/product\/4059","targetHints":{"allow":["GET"]}}],"collection":[{"href":"https:\/\/www.mia-equipments.com\/en\/wp-json\/wp\/v2\/product"}],"about":[{"href":"https:\/\/www.mia-equipments.com\/en\/wp-json\/wp\/v2\/types\/product"}],"wp:featuredmedia":[{"embeddable":true,"href":"https:\/\/www.mia-equipments.com\/en\/wp-json\/wp\/v2\/media\/3165"}],"wp:attachment":[{"href":"https:\/\/www.mia-equipments.com\/en\/wp-json\/wp\/v2\/media?parent=4059"}],"wp:term":[{"taxonomy":"product_brand","embeddable":true,"href":"https:\/\/www.mia-equipments.com\/en\/wp-json\/wp\/v2\/product_brand?post=4059"},{"taxonomy":"product_cat","embeddable":true,"href":"https:\/\/www.mia-equipments.com\/en\/wp-json\/wp\/v2\/product_cat?post=4059"},{"taxonomy":"product_tag","embeddable":true,"href":"https:\/\/www.mia-equipments.com\/en\/wp-json\/wp\/v2\/product_tag?post=4059"}],"curies":[{"name":"wp","href":"https:\/\/api.w.org\/{rel}","templated":true}]}}