{"id":4063,"date":"2023-07-11T14:56:46","date_gmt":"2023-07-11T12:56:46","guid":{"rendered":"https:\/\/mia.dev.wedgi.fr\/catalogue\/ch00053-2\/"},"modified":"2026-01-13T09:32:55","modified_gmt":"2026-01-13T08:32:55","slug":"ch00053-2","status":"publish","type":"product","link":"https:\/\/www.mia-equipments.com\/en\/catalogue\/ch00053-2\/","title":{"rendered":"NECS-Q\/SL-CA\/S 1414MOE"},"content":{"rendered":"<p>Groupe de production d&#8217;eau glac\u00e9e d&#8217;occasion CLIMAVENETA en tr\u00e8s bon \u00e9tat. Compos\u00e9 d&#8217;un module hydraulique, de compresseurs Scroll et d&#8217;\u00e9changeurs tubulaires, cette unit\u00e9 de production d&#8217;occasion de 2014 vendue test\u00e9e et sous garantie s&#8217;adaptera \u00e0 tous vos projets de refroidissement industriel.<\/p>\n","protected":false},"excerpt":{"rendered":"<p>Groupe de production d&#8217;eau glac\u00e9e d&#8217;occasion CLIMAVENETA en tr\u00e8s bon \u00e9tat. Compos\u00e9 d&#8217;un module hydraulique, de compresseurs Scroll et d&#8217;\u00e9changeurs tubulaires, cette unit\u00e9 de production d&#8217;occasion de 2014 vendue test\u00e9e et sous garantie s&#8217;adaptera \u00e0 tous vos projets de refroidissement industriel.<\/p>\n","protected":false},"featured_media":3277,"template":"","meta":{"_acf_changed":false,"_et_pb_use_builder":"","_et_pb_old_content":"","_et_gb_content_width":""},"product_brand":[],"product_cat":[40],"product_tag":[],"class_list":{"0":"post-4063","1":"product","2":"type-product","3":"status-publish","4":"has-post-thumbnail","6":"product_cat-groupes-deau-glacee","8":"first","9":"instock","10":"purchasable","11":"product-type-simple"},"acf":[],"_links":{"self":[{"href":"https:\/\/www.mia-equipments.com\/en\/wp-json\/wp\/v2\/product\/4063","targetHints":{"allow":["GET"]}}],"collection":[{"href":"https:\/\/www.mia-equipments.com\/en\/wp-json\/wp\/v2\/product"}],"about":[{"href":"https:\/\/www.mia-equipments.com\/en\/wp-json\/wp\/v2\/types\/product"}],"wp:featuredmedia":[{"embeddable":true,"href":"https:\/\/www.mia-equipments.com\/en\/wp-json\/wp\/v2\/media\/3277"}],"wp:attachment":[{"href":"https:\/\/www.mia-equipments.com\/en\/wp-json\/wp\/v2\/media?parent=4063"}],"wp:term":[{"taxonomy":"product_brand","embeddable":true,"href":"https:\/\/www.mia-equipments.com\/en\/wp-json\/wp\/v2\/product_brand?post=4063"},{"taxonomy":"product_cat","embeddable":true,"href":"https:\/\/www.mia-equipments.com\/en\/wp-json\/wp\/v2\/product_cat?post=4063"},{"taxonomy":"product_tag","embeddable":true,"href":"https:\/\/www.mia-equipments.com\/en\/wp-json\/wp\/v2\/product_tag?post=4063"}],"curies":[{"name":"wp","href":"https:\/\/api.w.org\/{rel}","templated":true}]}}