{"id":4116,"date":"2023-07-11T14:57:21","date_gmt":"2023-07-11T12:57:21","guid":{"rendered":"https:\/\/mia.dev.wedgi.fr\/catalogue\/ch00004-2\/"},"modified":"2025-05-22T15:21:01","modified_gmt":"2025-05-22T13:21:01","slug":"ch00004-2","status":"publish","type":"product","link":"https:\/\/www.mia-equipments.com\/en\/catalogue\/ch00004-2\/","title":{"rendered":"FOCS-FC\/NG 4822"},"content":{"rendered":"<p>Groupe d\u2019eau glac\u00e9e d\u2019occasion CLIMAVENETA en excellent \u00e9tat. Ce refroidisseur de liquide de forte puissance r\u00e9pond parfaitement \u00e0 des besoins de production de froid industriel. Equip\u00e9 de compresseurs \u00e0 vis et d\u2019une configuration avec Drycooling int\u00e9gr\u00e9, ce mat\u00e9riel est en parfait \u00e9tat de marche.<\/p>\n","protected":false},"excerpt":{"rendered":"<p>Groupe d\u2019eau glac\u00e9e d\u2019occasion CLIMAVENETA en excellent \u00e9tat. Ce refroidisseur de liquide de forte puissance r\u00e9pond parfaitement \u00e0 des besoins de production de froid industriel. Equip\u00e9 de compresseurs \u00e0 vis et d\u2019une configuration avec Drycooling int\u00e9gr\u00e9, ce mat\u00e9riel est en parfait \u00e9tat de marche.<\/p>\n","protected":false},"featured_media":4117,"template":"","meta":{"_acf_changed":false,"_et_pb_use_builder":"","_et_pb_old_content":"","_et_gb_content_width":""},"product_brand":[],"product_cat":[40],"product_tag":[],"class_list":{"0":"post-4116","1":"product","2":"type-product","3":"status-publish","4":"has-post-thumbnail","6":"product_cat-groupes-deau-glacee","8":"first","9":"instock","10":"purchasable","11":"product-type-simple"},"acf":[],"_links":{"self":[{"href":"https:\/\/www.mia-equipments.com\/en\/wp-json\/wp\/v2\/product\/4116","targetHints":{"allow":["GET"]}}],"collection":[{"href":"https:\/\/www.mia-equipments.com\/en\/wp-json\/wp\/v2\/product"}],"about":[{"href":"https:\/\/www.mia-equipments.com\/en\/wp-json\/wp\/v2\/types\/product"}],"wp:featuredmedia":[{"embeddable":true,"href":"https:\/\/www.mia-equipments.com\/en\/wp-json\/wp\/v2\/media\/4117"}],"wp:attachment":[{"href":"https:\/\/www.mia-equipments.com\/en\/wp-json\/wp\/v2\/media?parent=4116"}],"wp:term":[{"taxonomy":"product_brand","embeddable":true,"href":"https:\/\/www.mia-equipments.com\/en\/wp-json\/wp\/v2\/product_brand?post=4116"},{"taxonomy":"product_cat","embeddable":true,"href":"https:\/\/www.mia-equipments.com\/en\/wp-json\/wp\/v2\/product_cat?post=4116"},{"taxonomy":"product_tag","embeddable":true,"href":"https:\/\/www.mia-equipments.com\/en\/wp-json\/wp\/v2\/product_tag?post=4116"}],"curies":[{"name":"wp","href":"https:\/\/api.w.org\/{rel}","templated":true}]}}