{"id":74,"date":"2022-07-06T11:55:24","date_gmt":"2022-07-06T09:55:24","guid":{"rendered":"https:\/\/mia.dev.wedgi.fr\/accueil-espanol\/"},"modified":"2025-04-02T14:33:44","modified_gmt":"2025-04-02T12:33:44","slug":"acogida","status":"publish","type":"page","link":"https:\/\/www.mia-equipments.com\/es\/","title":{"rendered":"Acogida"},"content":{"rendered":"<p>[et_pb_section fb_built=&#8221;1&#8243; _builder_version=&#8221;4.17.4&#8243; _module_preset=&#8221;default&#8221; use_background_color_gradient=&#8221;on&#8221; background_color_gradient_stops=&#8221;#ffffff 33%|#c2c2c2 100%&#8221; custom_padding=&#8221;10px||0px||false|false&#8221; global_colors_info=&#8221;{}&#8221;][et_pb_row column_structure=&#8221;2_3,1_3&#8243; use_custom_gutter=&#8221;on&#8221; gutter_width=&#8221;2&#8243; _builder_version=&#8221;4.19.1&#8243; _module_preset=&#8221;default&#8221; width=&#8221;100%&#8221; max_width=&#8221;100%&#8221; custom_padding=&#8221;0px||0px||true|false&#8221; custom_css_main_element=&#8221;display: flex;||align-items: center;&#8221; global_colors_info=&#8221;{}&#8221; custom_css_main_element_last_edited=&#8221;on|tablet&#8221; custom_css_main_element_tablet=&#8221;flex-direction: column;&#8221; custom_css_main_element_phone=&#8221;flex-direction: column;&#8221;][et_pb_column type=&#8221;2_3&#8243; _builder_version=&#8221;4.19.1&#8243; _module_preset=&#8221;default&#8221; background_image=&#8221;https:\/\/mia-equipments.com\/wp-content\/uploads\/2022\/07\/Capture-de\u0301cran-2020-10-12-a\u0300-09.33.05-scaled-1.jpg&#8221; border_radii=&#8221;off|||200px|&#8221; global_colors_info=&#8221;{}&#8221;][et_pb_divider show_divider=&#8221;off&#8221; _builder_version=&#8221;4.19.0&#8243; _module_preset=&#8221;default&#8221; height=&#8221;500px&#8221; hover_enabled=&#8221;0&#8243; global_colors_info=&#8221;{}&#8221; sticky_enabled=&#8221;0&#8243;][\/et_pb_divider][\/et_pb_column][et_pb_column type=&#8221;1_3&#8243; _builder_version=&#8221;4.17.4&#8243; _module_preset=&#8221;default&#8221; global_colors_info=&#8221;{}&#8221;][et_pb_text _builder_version=&#8221;4.18.0&#8243; _module_preset=&#8221;default&#8221; custom_margin_tablet=&#8221;|15px||15px|false|true&#8221; custom_margin_phone=&#8221;|15px||15px|false|true&#8221; custom_margin_last_edited=&#8221;on|tablet&#8221; global_colors_info=&#8221;{}&#8221;]<\/p>\n<h1><span data-metadata=\"&lt;!--(figmeta)eyJmaWxlS2V5IjoiaDJaQ1cxZlQ4eDIyNFFoY0pBMng3WCIsInBhc3RlSUQiOjM5MjA2ODUyNCwiZGF0YVR5cGUiOiJzY2VuZSJ9Cg==(\/figmeta)--&gt;\"><\/span>Especialista en el sector de la refrigeraci\u00f3n industrial<\/h1>\n<p>[\/et_pb_text][et_pb_button button_url=&#8221;@ET-DC@eyJkeW5hbWljIjp0cnVlLCJjb250ZW50IjoicG9zdF9saW5rX3VybF9wYWdlIiwic2V0dGluZ3MiOnsicG9zdF9pZCI6Ijc0NiJ9fQ==@&#8221; button_text=&#8221;Ver el cat\u00e0logo&#8221; button_alignment_tablet=&#8221;center&#8221; button_alignment_phone=&#8221;center&#8221; button_alignment_last_edited=&#8221;on|phone&#8221; _builder_version=&#8221;4.19.2&#8243; _dynamic_attributes=&#8221;button_url&#8221; _module_preset=&#8221;default&#8221; custom_button=&#8221;on&#8221; button_text_size=&#8221;16px&#8221; button_text_color=&#8221;#FFFFFF&#8221; button_bg_color=&#8221;#CF1A2F&#8221; button_border_width=&#8221;0px&#8221; button_border_radius=&#8221;0px&#8221; button_letter_spacing=&#8221;0px&#8221; button_font=&#8221;|700||on|||||&#8221; background_layout=&#8221;dark&#8221; custom_padding=&#8221;12px|25px|12px|25px|true|true&#8221; custom_css_main_element=&#8221;border-radius: 10px 0px;&#8221; global_colors_info=&#8221;{}&#8221;][\/et_pb_button][\/et_pb_column][\/et_pb_row][et_pb_row _builder_version=&#8221;4.18.0&#8243; _module_preset=&#8221;default&#8221; width_tablet=&#8221;95%&#8221; width_phone=&#8221;95%&#8221; width_last_edited=&#8221;on|tablet&#8221; custom_padding=&#8221;100px||100px||true|false&#8221; global_colors_info=&#8221;{}&#8221;][et_pb_column type=&#8221;4_4&#8243; _builder_version=&#8221;4.17.4&#8243; _module_preset=&#8221;default&#8221; global_colors_info=&#8221;{}&#8221;][et_pb_text _builder_version=&#8221;4.18.0&#8243; _module_preset=&#8221;default&#8221; text_text_color=&#8221;#231F20&#8243; text_font_size=&#8221;22px&#8221; text_orientation=&#8221;center&#8221; global_colors_info=&#8221;{}&#8221;]<\/p>\n<p class=\"p1\">MIA \u00c9quipements se ha consolidado como un referente en el mercado de la refrigeraci\u00f3n industrial y comercial, del tratamiento del aire y de la ingenier\u00eda clim\u00e1tica. Asimismo, es una empresa pionera en el reacondicionamiento y <b>basa<\/b> <b>su \u00e9tica medioambiental<\/b> en la optimizaci\u00f3n de la vida \u00fatil de los equipos y del ahorro energ\u00e9tico.<span class=\"Apple-converted-space\">\u00a0<\/span><\/p>\n<p>[\/et_pb_text][\/et_pb_column][\/et_pb_row][\/et_pb_section][et_pb_section fb_built=&#8221;1&#8243; _builder_version=&#8221;4.17.4&#8243; _module_preset=&#8221;default&#8221; custom_padding=&#8221;0px||0px||true|false&#8221; global_colors_info=&#8221;{}&#8221;][et_pb_row column_structure=&#8221;3_5,2_5&#8243; make_equal=&#8221;on&#8221; _builder_version=&#8221;4.19.0&#8243; _module_preset=&#8221;default&#8221; width=&#8221;100%&#8221; max_width=&#8221;100%&#8221; module_alignment=&#8221;center&#8221; custom_padding=&#8221;0px|0px|0px|0px|true|true&#8221; custom_css_main_element=&#8221;display: flex;||align-items: center;||justify-content: center;&#8221; global_colors_info=&#8221;{}&#8221; custom_css_main_element_last_edited=&#8221;on|phone&#8221; custom_css_main_element_tablet=&#8221;display: flex;||flex-direction: column-reverse;&#8221; custom_css_main_element_phone=&#8221;flex-direction: column;&#8221;][et_pb_column type=&#8221;3_5&#8243; _builder_version=&#8221;4.18.0&#8243; _module_preset=&#8221;default&#8221; custom_padding=&#8221;|1%||5%|false|false&#8221; custom_padding_tablet=&#8221;15px||15px||true|false&#8221; custom_padding_phone=&#8221;15px||15px||true|false&#8221; custom_padding_last_edited=&#8221;on|tablet&#8221; custom_css_main_element=&#8221;max-width: 700px;&#8221; global_colors_info=&#8221;{}&#8221;][et_pb_text _builder_version=&#8221;4.18.0&#8243; _module_preset=&#8221;default&#8221; global_colors_info=&#8221;{}&#8221;]<\/p>\n<h2>Nuestros aparatos reacondicionados<br \/>por expertos<\/h2>\n<p>&nbsp;<\/p>\n<p class=\"p1\">MIA \u00c9quipements es la \u00fanica empresa de Francia especializada en el reacondicionamiento y la restauraci\u00f3n de plantas enfriadoras de agua, centrales frigor\u00edficas y evaporadores mediante un proceso de <span class=\"s1\"><i>upcycling<\/i><\/span> \u2014que consta de una verificaci\u00f3n t\u00e9cnica en banco de pruebas\u2014 efectuado en sus propios talleres.<\/p>\n<p class=\"p1\">Esta tecnolog\u00eda exclusiva prolonga la vida \u00fatil de los equipos, a los que se otorga seis meses de garant\u00eda. La empresa se encarga de dar una segunda vida a productos de marcas reconocidas a escala internacional (Trane, Carrier, Ciat o Daikin), adem\u00e1s de ofrecer acceso a un amplio stock de repuestos que cumplen con la normativa m\u00e1s reciente.<\/p>\n<p>[\/et_pb_text][\/et_pb_column][et_pb_column type=&#8221;2_5&#8243; _builder_version=&#8221;4.19.0&#8243; _module_preset=&#8221;default&#8221; background_enable_color=&#8221;off&#8221; background_image=&#8221;https:\/\/mia-equipments.com\/wp-content\/uploads\/2022\/11\/reconditionne2.webp&#8221; custom_padding=&#8221;|0px||0px|false|true&#8221; border_radii=&#8221;off|150px|||&#8221; global_colors_info=&#8221;{}&#8221;][et_pb_divider show_divider=&#8221;off&#8221; _builder_version=&#8221;4.17.4&#8243; _module_preset=&#8221;default&#8221; width=&#8221;100%&#8221; max_width=&#8221;100%&#8221; module_alignment=&#8221;right&#8221; min_height=&#8221;500px&#8221; hover_enabled=&#8221;0&#8243; global_colors_info=&#8221;{}&#8221; sticky_enabled=&#8221;0&#8243;][\/et_pb_divider][\/et_pb_column][\/et_pb_row][et_pb_row column_structure=&#8221;3_5,2_5&#8243; make_equal=&#8221;on&#8221; _builder_version=&#8221;4.19.0&#8243; _module_preset=&#8221;default&#8221; width=&#8221;100%&#8221; max_width=&#8221;100%&#8221; custom_padding=&#8221;0px||0px||true|false&#8221; custom_css_main_element=&#8221;display: flex;||align-items: center;||justify-content: center;&#8221; global_colors_info=&#8221;{}&#8221; custom_css_main_element_last_edited=&#8221;on|tablet&#8221; custom_css_main_element_tablet=&#8221;flex-direction: column;&#8221; custom_css_main_element_phone=&#8221;flex-direction: column;&#8221;][et_pb_column type=&#8221;3_5&#8243; _builder_version=&#8221;4.19.0&#8243; _module_preset=&#8221;default&#8221; background_enable_color=&#8221;off&#8221; background_image=&#8221;https:\/\/mia-equipments.com\/wp-content\/uploads\/2022\/11\/solutions.webp&#8221; custom_padding=&#8221;|0px||0px|false|true&#8221; border_radii=&#8221;off|||150px|&#8221; global_colors_info=&#8221;{}&#8221;][et_pb_divider show_divider=&#8221;off&#8221; _builder_version=&#8221;4.17.4&#8243; _module_preset=&#8221;default&#8221; min_height=&#8221;500px&#8221; global_colors_info=&#8221;{}&#8221;][\/et_pb_divider][\/et_pb_column][et_pb_column type=&#8221;2_5&#8243; _builder_version=&#8221;4.18.0&#8243; _module_preset=&#8221;default&#8221; background_enable_color=&#8221;off&#8221; custom_padding=&#8221;|5%|||true|false&#8221; custom_padding_tablet=&#8221;15px|5%|15px|15px|true|false&#8221; custom_padding_phone=&#8221;15px|5%|15px|15px|true|false&#8221; custom_padding_last_edited=&#8221;on|tablet&#8221; custom_css_main_element=&#8221;max-width: 100%;&#8221; border_radii=&#8221;off||||&#8221; global_colors_info=&#8221;{}&#8221;][et_pb_text _builder_version=&#8221;4.18.0&#8243; _module_preset=&#8221;default&#8221; global_colors_info=&#8221;{}&#8221;]<\/p>\n<h2>Soluciones para todos<\/h2>\n<p>&nbsp;<\/p>\n<p class=\"p1\">Contamos con un equipo proactivo que acompa\u00f1a al cliente a lo largo de todo el proyecto: desde la fase de estudio de la viabilidad hasta la puesta en funcionamiento de las nuevas unidades de refrigeraci\u00f3n, pasando por el an\u00e1lisis de las recomendaciones, la elaboraci\u00f3n del presupuesto o la supervisi\u00f3n de la instalaci\u00f3n. Poniendo a disposici\u00f3n de sus clientes su reconocida experiencia en materia de consumo el\u00e9ctrico y de recuperaci\u00f3n de energ\u00eda, MIA \u00c9quipements concibe soluciones destinadas a sectores como la industria agroalimentaria, los almacenes frigor\u00edficos, la industria electr\u00f3nica y del pl\u00e1stico o los centros de datos.<\/p>\n<p>[\/et_pb_text][\/et_pb_column][\/et_pb_row][\/et_pb_section][et_pb_section fb_built=&#8221;1&#8243; _builder_version=&#8221;4.17.4&#8243; _module_preset=&#8221;default&#8221; background_color=&#8221;rgba(35,31,32,0.1)&#8221; global_colors_info=&#8221;{}&#8221;][et_pb_row _builder_version=&#8221;4.18.0&#8243; _module_preset=&#8221;default&#8221; width_tablet=&#8221;95%&#8221; width_phone=&#8221;95%&#8221; width_last_edited=&#8221;on|tablet&#8221; global_colors_info=&#8221;{}&#8221;][et_pb_column type=&#8221;4_4&#8243; _builder_version=&#8221;4.17.4&#8243; _module_preset=&#8221;default&#8221; global_colors_info=&#8221;{}&#8221;][et_pb_text _builder_version=&#8221;4.18.0&#8243; _module_preset=&#8221;default&#8221; text_font_size=&#8221;18px&#8221; global_colors_info=&#8221;{}&#8221;]<\/p>\n<h2 style=\"text-align: center;\">Nuestros compromisos con el medio ambiente<\/h2>\n<p>&nbsp;<\/p>\n<p style=\"text-align: center;\">En consonancia con su compromiso con el medioambiente, MIA \u00c9quipements asesora a sus clientes a lo largo del proceso de obtenci\u00f3n de los Certificados de Eficiencia Energ\u00e9tica (CEE) que se otorgan a las instalaciones que optimizan al m\u00e1ximo su consumo, mediante la elaboraci\u00f3n de un expediente de subvenci\u00f3n completo durante la fase de estudio.<\/p>\n<p>[\/et_pb_text][\/et_pb_column][\/et_pb_row][\/et_pb_section][et_pb_section fb_built=&#8221;1&#8243; _builder_version=&#8221;4.17.4&#8243; _module_preset=&#8221;default&#8221; custom_padding=&#8221;0px||0px||true|false&#8221; global_colors_info=&#8221;{}&#8221;][et_pb_row column_structure=&#8221;1_3,1_3,1_3&#8243; use_custom_gutter=&#8221;on&#8221; gutter_width=&#8221;1&#8243; make_equal=&#8221;on&#8221; _builder_version=&#8221;4.19.1&#8243; _module_preset=&#8221;default&#8221; width=&#8221;100%&#8221; max_width=&#8221;100%&#8221; module_alignment=&#8221;center&#8221; min_height=&#8221;370px&#8221; custom_padding=&#8221;0px||0px||true|false&#8221; global_colors_info=&#8221;{}&#8221;][et_pb_column type=&#8221;1_3&#8243; _builder_version=&#8221;4.19.0&#8243; _dynamic_attributes=&#8221;link_option_url&#8221; _module_preset=&#8221;default&#8221; background_enable_color=&#8221;off&#8221; background_image=&#8221;https:\/\/mia-equipments.com\/wp-content\/uploads\/2022\/11\/bureaudetudes.webp&#8221; link_option_url=&#8221;@ET-DC@eyJkeW5hbWljIjp0cnVlLCJjb250ZW50IjoicG9zdF9saW5rX3VybF9wYWdlIiwic2V0dGluZ3MiOnsicG9zdF9pZCI6IjYxIn19@&#8221; custom_css_before=&#8221;content: &#8221;;||    width: 100%;||    height: 100%;||    position: absolute;||    background: #000;||    opacity: .5;||    transition: all .3s;&#8221; custom_css_main_element=&#8221;display: flex;||justify-content: center;||align-items: center;||min-height: 300px;&#8221; global_colors_info=&#8221;{}&#8221; transform_styles__hover_enabled=&#8221;on|desktop&#8221; transform_scale__hover_enabled=&#8221;on|desktop&#8221; transform_translate__hover_enabled=&#8221;on|desktop&#8221; transform_rotate__hover_enabled=&#8221;on|desktop&#8221; transform_skew__hover_enabled=&#8221;on|desktop&#8221; transform_origin__hover_enabled=&#8221;on|desktop&#8221; transform_scale__hover=&#8221;104%|104%&#8221;][et_pb_text _builder_version=&#8221;4.18.0&#8243; _module_preset=&#8221;default&#8221; header_2_text_align=&#8221;center&#8221; header_2_text_color=&#8221;#FFFFFF&#8221; global_colors_info=&#8221;{}&#8221;]<\/p>\n<h2 class=\"p1\">Oficina de proyectos<\/h2>\n<p>[\/et_pb_text][\/et_pb_column][et_pb_column type=&#8221;1_3&#8243; _builder_version=&#8221;4.19.1&#8243; _dynamic_attributes=&#8221;link_option_url&#8221; _module_preset=&#8221;default&#8221; background_image=&#8221;https:\/\/mia-equipments.com\/wp-content\/uploads\/2022\/11\/Vue-3D-MIA-v1.jpg&#8221; link_option_url=&#8221;@ET-DC@eyJkeW5hbWljIjp0cnVlLCJjb250ZW50IjoicG9zdF9saW5rX3VybF9wYWdlIiwic2V0dGluZ3MiOnsicG9zdF9pZCI6IjYxIn19@&#8221; custom_css_before=&#8221;content: &#8221;;||    width: 100%;||    height: 100%;||    position: absolute;||    background: #000;||    opacity: .5;||    transition: all .3s;&#8221; custom_css_main_element=&#8221;display: flex;||justify-content: center;||align-items: center;||min-height: 300px;&#8221; global_colors_info=&#8221;{}&#8221; transform_styles__hover_enabled=&#8221;on|hover&#8221; transform_scale__hover_enabled=&#8221;on|hover&#8221; transform_translate__hover_enabled=&#8221;on|desktop&#8221; transform_rotate__hover_enabled=&#8221;on|desktop&#8221; transform_skew__hover_enabled=&#8221;on|desktop&#8221; transform_origin__hover_enabled=&#8221;on|desktop&#8221; transform_scale__hover=&#8221;104%|104%&#8221;][et_pb_text _builder_version=&#8221;4.17.4&#8243; _module_preset=&#8221;default&#8221; header_2_text_align=&#8221;center&#8221; header_2_text_color=&#8221;#FFFFFF&#8221; global_colors_info=&#8221;{}&#8221;]<\/p>\n<h2>CEE<\/h2>\n<p>[\/et_pb_text][\/et_pb_column][et_pb_column type=&#8221;1_3&#8243; _builder_version=&#8221;4.19.0&#8243; _dynamic_attributes=&#8221;link_option_url&#8221; _module_preset=&#8221;default&#8221; background_image=&#8221;https:\/\/mia-equipments.com\/wp-content\/uploads\/2022\/11\/installation.webp&#8221; link_option_url=&#8221;@ET-DC@eyJkeW5hbWljIjp0cnVlLCJjb250ZW50IjoicG9zdF9saW5rX3VybF9wYWdlIiwic2V0dGluZ3MiOnsicG9zdF9pZCI6IjYxIn19@&#8221; custom_css_before=&#8221;content: &#8221;;||    width: 100%;||    height: 100%;||    position: absolute;||    background: #000;||    opacity: .5;||    transition: all .3s;&#8221; custom_css_main_element=&#8221;display: flex;||justify-content: center;||align-items: center;||min-height: 300px;&#8221; global_colors_info=&#8221;{}&#8221; transform_styles__hover_enabled=&#8221;on|hover&#8221; transform_scale__hover_enabled=&#8221;on|hover&#8221; transform_translate__hover_enabled=&#8221;on|desktop&#8221; transform_rotate__hover_enabled=&#8221;on|desktop&#8221; transform_skew__hover_enabled=&#8221;on|desktop&#8221; transform_origin__hover_enabled=&#8221;on|desktop&#8221; transform_scale__hover=&#8221;104%|104%&#8221;][et_pb_text _builder_version=&#8221;4.18.0&#8243; _module_preset=&#8221;default&#8221; header_2_text_align=&#8221;center&#8221; header_2_text_color=&#8221;#FFFFFF&#8221; global_colors_info=&#8221;{}&#8221;]<\/p>\n<h2 class=\"p1\">Instalaci\u00f3n<\/h2>\n<p>[\/et_pb_text][\/et_pb_column][\/et_pb_row][\/et_pb_section][et_pb_section fb_built=&#8221;1&#8243; _builder_version=&#8221;4.17.4&#8243; _module_preset=&#8221;default&#8221; background_enable_image=&#8221;off&#8221; background_size=&#8221;custom&#8221; background_position=&#8221;center_right&#8221; custom_css_after=&#8221;content: &#8221;;||    background-image: url(\/wp-content\/uploads\/2022\/07\/mia-griffes.svg);||    background-repeat: no-repeat;||    background-size: cover;||    height: 374px;||    width: 563px;||    position: absolute;||    right: 0;||top: 10px;||    bottom: 0;||    opacity: 0.1;&#8221; global_colors_info=&#8221;{}&#8221;][et_pb_row column_structure=&#8221;2_5,3_5&#8243; _builder_version=&#8221;4.17.4&#8243; _module_preset=&#8221;default&#8221; custom_css_main_element=&#8221;display: flex;||align-items: center;&#8221; global_colors_info=&#8221;{}&#8221; custom_css_main_element_last_edited=&#8221;on|phone&#8221; custom_css_main_element_tablet=&#8221;flex-direction: column;&#8221; custom_css_main_element_phone=&#8221;flex-direction: column;&#8221;][et_pb_column type=&#8221;2_5&#8243; _builder_version=&#8221;4.17.4&#8243; _module_preset=&#8221;default&#8221; global_colors_info=&#8221;{}&#8221;][et_pb_image src=&#8221;https:\/\/mia-equipments.com\/wp-content\/uploads\/2022\/11\/quisommesnous.webp&#8221; title_text=&#8221;quisommesnous&#8221; _builder_version=&#8221;4.27.4&#8243; _module_preset=&#8221;default&#8221; hover_enabled=&#8221;0&#8243; border_radii=&#8221;off|80px||80px|&#8221; global_colors_info=&#8221;{}&#8221; alt=&#8221;El equipo de Mia Equipments&#8221; sticky_enabled=&#8221;0&#8243;][\/et_pb_image][\/et_pb_column][et_pb_column type=&#8221;3_5&#8243; _builder_version=&#8221;4.17.4&#8243; _module_preset=&#8221;default&#8221; global_colors_info=&#8221;{}&#8221;][et_pb_text _builder_version=&#8221;4.19.2&#8243; _module_preset=&#8221;default&#8221; global_colors_info=&#8221;{}&#8221;]<\/p>\n<h2><span style=\"color: #333333;\"><span>\u00bfQui\u00e9nes somos\u00a0?<\/span><\/span><\/h2>\n<p>&nbsp;<\/p>\n<p><span style=\"color: #333333;\"><span>Un equipo din\u00e1mico, con experiencia y atento a las necesidades de sus clientes. Ponemos nuestros valores al centro de las relaciones con nuestros colaboradores quien nos acompa\u00f1an en nuestro desarrollo en Francia y al internacional.<\/span><span><\/span><br \/><\/span><\/p>\n<p>[\/et_pb_text][\/et_pb_column][\/et_pb_row][\/et_pb_section]<\/p>\n","protected":false},"excerpt":{"rendered":"<p>Especialista en el sector de la refrigeraci\u00f3n industrialMIA \u00c9quipements se ha consolidado como un referente en el mercado de la refrigeraci\u00f3n industrial y comercial, del tratamiento del aire y de la ingenier\u00eda clim\u00e1tica. Asimismo, es una empresa pionera en el reacondicionamiento y basa su \u00e9tica medioambiental en la optimizaci\u00f3n de la vida \u00fatil de los [&hellip;]<\/p>\n","protected":false},"author":1,"featured_media":0,"parent":0,"menu_order":0,"comment_status":"closed","ping_status":"closed","template":"","meta":{"_acf_changed":false,"_et_pb_use_builder":"on","_et_pb_old_content":"","_et_gb_content_width":"","footnotes":""},"class_list":["post-74","page","type-page","status-publish","hentry"],"acf":[],"_links":{"self":[{"href":"https:\/\/www.mia-equipments.com\/es\/wp-json\/wp\/v2\/pages\/74","targetHints":{"allow":["GET"]}}],"collection":[{"href":"https:\/\/www.mia-equipments.com\/es\/wp-json\/wp\/v2\/pages"}],"about":[{"href":"https:\/\/www.mia-equipments.com\/es\/wp-json\/wp\/v2\/types\/page"}],"author":[{"embeddable":true,"href":"https:\/\/www.mia-equipments.com\/es\/wp-json\/wp\/v2\/users\/1"}],"replies":[{"embeddable":true,"href":"https:\/\/www.mia-equipments.com\/es\/wp-json\/wp\/v2\/comments?post=74"}],"version-history":[{"count":8,"href":"https:\/\/www.mia-equipments.com\/es\/wp-json\/wp\/v2\/pages\/74\/revisions"}],"predecessor-version":[{"id":5572,"href":"https:\/\/www.mia-equipments.com\/es\/wp-json\/wp\/v2\/pages\/74\/revisions\/5572"}],"wp:attachment":[{"href":"https:\/\/www.mia-equipments.com\/es\/wp-json\/wp\/v2\/media?parent=74"}],"curies":[{"name":"wp","href":"https:\/\/api.w.org\/{rel}","templated":true}]}}