{"id":2211,"date":"2023-07-07T15:47:12","date_gmt":"2023-07-07T13:47:12","guid":{"rendered":"https:\/\/mia.dev.wedgi.fr\/catalogue\/cp00014-2\/"},"modified":"2023-07-13T15:31:10","modified_gmt":"2023-07-13T13:31:10","slug":"cp00014","status":"publish","type":"product","link":"https:\/\/www.mia-equipments.com\/es\/catalogue\/cp00014\/","title":{"rendered":"HSN7471-75-40P"},"content":{"rendered":"<p>Compresor de tornillo BITZER de segunda mano. Este material de segunda mano est\u00e1 dise\u00f1ado para aplicaci\u00f3n  de frio negativo.<\/p>\n","protected":false},"excerpt":{"rendered":"<p>Compresor de tornillo BITZER de segunda mano. Este material de segunda mano est\u00e1 dise\u00f1ado para aplicaci\u00f3n  de frio negativo.<\/p>\n","protected":false},"featured_media":3833,"template":"","meta":{"_acf_changed":false,"_et_pb_use_builder":"","_et_pb_old_content":"","_et_gb_content_width":""},"product_brand":[],"product_cat":[539],"product_tag":[],"class_list":{"0":"post-2211","1":"product","2":"type-product","3":"status-publish","4":"has-post-thumbnail","6":"product_cat-compresores","8":"first","9":"instock","10":"purchasable","11":"product-type-simple"},"acf":[],"_links":{"self":[{"href":"https:\/\/www.mia-equipments.com\/es\/wp-json\/wp\/v2\/product\/2211","targetHints":{"allow":["GET"]}}],"collection":[{"href":"https:\/\/www.mia-equipments.com\/es\/wp-json\/wp\/v2\/product"}],"about":[{"href":"https:\/\/www.mia-equipments.com\/es\/wp-json\/wp\/v2\/types\/product"}],"wp:featuredmedia":[{"embeddable":true,"href":"https:\/\/www.mia-equipments.com\/es\/wp-json\/wp\/v2\/media\/3833"}],"wp:attachment":[{"href":"https:\/\/www.mia-equipments.com\/es\/wp-json\/wp\/v2\/media?parent=2211"}],"wp:term":[{"taxonomy":"product_brand","embeddable":true,"href":"https:\/\/www.mia-equipments.com\/es\/wp-json\/wp\/v2\/product_brand?post=2211"},{"taxonomy":"product_cat","embeddable":true,"href":"https:\/\/www.mia-equipments.com\/es\/wp-json\/wp\/v2\/product_cat?post=2211"},{"taxonomy":"product_tag","embeddable":true,"href":"https:\/\/www.mia-equipments.com\/es\/wp-json\/wp\/v2\/product_tag?post=2211"}],"curies":[{"name":"wp","href":"https:\/\/api.w.org\/{rel}","templated":true}]}}