{"id":3777,"date":"2023-07-13T15:18:41","date_gmt":"2023-07-13T13:18:41","guid":{"rendered":"https:\/\/mia.dev.wedgi.fr\/catalogue\/ch00012\/"},"modified":"2026-04-07T11:45:38","modified_gmt":"2026-04-07T09:45:38","slug":"ch00012","status":"publish","type":"product","link":"https:\/\/www.mia-equipments.com\/es\/catalogue\/ch00012\/","title":{"rendered":"NAC230DNM5M"},"content":{"rendered":"<p>Enfriadora de agua de ocasi\u00f3n LENNOX en excelente estado. Con 4 compresores SCROLL, este enfriador de l\u00edquido se puede instalar directamente en su instalaci\u00f3n de frio comercial o industrial.<\/p>\n","protected":false},"excerpt":{"rendered":"<p>Enfriadora de agua de ocasi\u00f3n LENNOX en excelente estado. Con 4 compresores SCROLL, este enfriador de l\u00edquido se puede instalar directamente en su instalaci\u00f3n de frio comercial o industrial.<\/p>\n","protected":false},"featured_media":3816,"template":"","meta":{"_acf_changed":false,"_et_pb_use_builder":"","_et_pb_old_content":"","_et_gb_content_width":""},"product_brand":[],"product_cat":[846],"product_tag":[],"class_list":{"0":"post-3777","1":"product","2":"type-product","3":"status-publish","4":"has-post-thumbnail","6":"product_cat-plantas-enfriadoras","8":"first","9":"instock","10":"purchasable","11":"product-type-simple"},"acf":[],"_links":{"self":[{"href":"https:\/\/www.mia-equipments.com\/es\/wp-json\/wp\/v2\/product\/3777","targetHints":{"allow":["GET"]}}],"collection":[{"href":"https:\/\/www.mia-equipments.com\/es\/wp-json\/wp\/v2\/product"}],"about":[{"href":"https:\/\/www.mia-equipments.com\/es\/wp-json\/wp\/v2\/types\/product"}],"wp:featuredmedia":[{"embeddable":true,"href":"https:\/\/www.mia-equipments.com\/es\/wp-json\/wp\/v2\/media\/3816"}],"wp:attachment":[{"href":"https:\/\/www.mia-equipments.com\/es\/wp-json\/wp\/v2\/media?parent=3777"}],"wp:term":[{"taxonomy":"product_brand","embeddable":true,"href":"https:\/\/www.mia-equipments.com\/es\/wp-json\/wp\/v2\/product_brand?post=3777"},{"taxonomy":"product_cat","embeddable":true,"href":"https:\/\/www.mia-equipments.com\/es\/wp-json\/wp\/v2\/product_cat?post=3777"},{"taxonomy":"product_tag","embeddable":true,"href":"https:\/\/www.mia-equipments.com\/es\/wp-json\/wp\/v2\/product_tag?post=3777"}],"curies":[{"name":"wp","href":"https:\/\/api.w.org\/{rel}","templated":true}]}}