{"id":3780,"date":"2023-07-13T15:18:48","date_gmt":"2023-07-13T13:18:48","guid":{"rendered":"https:\/\/mia.dev.wedgi.fr\/catalogue\/ch00068\/"},"modified":"2026-04-07T11:55:10","modified_gmt":"2026-04-07T09:55:10","slug":"ch00068","status":"publish","type":"product","link":"https:\/\/www.mia-equipments.com\/es\/catalogue\/ch00068\/","title":{"rendered":"2xOSK8551-K"},"content":{"rendered":"<p>Segunda mano &#8211; Producci\u00f3n de frio con Amoniaco todo integrado en un contenedor. Compuesto de 2 compresores BITZER con un variador de velocidad integrado, una botella BP, un m\u00f3dulo hidr\u00e1ulico, un intercambiador para enfriar el aceite, un armario el\u00e9ctrico con regulador SCHNEIDER integrado y un m\u00f3dulo de recuperaci\u00f3n de calor.<\/p>\n","protected":false},"excerpt":{"rendered":"<p>Segunda mano &#8211; Producci\u00f3n de frio con Amoniaco todo integrado en un contenedor. Compuesto de 2 compresores BITZER con un variador de velocidad integrado, una botella BP, un m\u00f3dulo hidr\u00e1ulico, un intercambiador para enfriar el aceite, un armario el\u00e9ctrico con regulador SCHNEIDER integrado y un m\u00f3dulo de recuperaci\u00f3n de calor.<\/p>\n","protected":false},"featured_media":3296,"template":"","meta":{"_acf_changed":false,"_et_pb_use_builder":"","_et_pb_old_content":"","_et_gb_content_width":""},"product_brand":[],"product_cat":[846],"product_tag":[],"class_list":{"0":"post-3780","1":"product","2":"type-product","3":"status-publish","4":"has-post-thumbnail","6":"product_cat-plantas-enfriadoras","8":"first","9":"instock","10":"purchasable","11":"product-type-simple"},"acf":[],"_links":{"self":[{"href":"https:\/\/www.mia-equipments.com\/es\/wp-json\/wp\/v2\/product\/3780","targetHints":{"allow":["GET"]}}],"collection":[{"href":"https:\/\/www.mia-equipments.com\/es\/wp-json\/wp\/v2\/product"}],"about":[{"href":"https:\/\/www.mia-equipments.com\/es\/wp-json\/wp\/v2\/types\/product"}],"wp:featuredmedia":[{"embeddable":true,"href":"https:\/\/www.mia-equipments.com\/es\/wp-json\/wp\/v2\/media\/3296"}],"wp:attachment":[{"href":"https:\/\/www.mia-equipments.com\/es\/wp-json\/wp\/v2\/media?parent=3780"}],"wp:term":[{"taxonomy":"product_brand","embeddable":true,"href":"https:\/\/www.mia-equipments.com\/es\/wp-json\/wp\/v2\/product_brand?post=3780"},{"taxonomy":"product_cat","embeddable":true,"href":"https:\/\/www.mia-equipments.com\/es\/wp-json\/wp\/v2\/product_cat?post=3780"},{"taxonomy":"product_tag","embeddable":true,"href":"https:\/\/www.mia-equipments.com\/es\/wp-json\/wp\/v2\/product_tag?post=3780"}],"curies":[{"name":"wp","href":"https:\/\/api.w.org\/{rel}","templated":true}]}}