{"id":4556,"date":"2023-11-20T10:48:16","date_gmt":"2023-11-20T09:48:16","guid":{"rendered":"https:\/\/www.mia-equipments.com\/catalogue\/if-pf206t4h-091h12d\/"},"modified":"2023-11-20T10:48:16","modified_gmt":"2023-11-20T09:48:16","slug":"if-pf206t4h-091h12d","status":"publish","type":"product","link":"https:\/\/www.mia-equipments.com\/es\/catalogue\/if-pf206t4h-091h12d\/","title":{"rendered":"IF-PF206T4H-091H12D"},"content":{"rendered":"<p>Condensador de agua de segunda mano (agua pura o glicol) de 2019 en estado perfecto. Compuesto de 12 ventiladores, cada uno equipado con la opci\u00f3n de bajo sonido, este equipo de refrigeraci\u00f3n de segunda mano produce entre 450kW y 600kW dependiendo de las condiciones de funcionamiento. Material probado en nuestro banco de pruebas (ventiladores y test de presi\u00f3n del circuito hidr\u00e1ulico) y vendido con una garant\u00eda de 6 meses.<\/p>\n","protected":false},"excerpt":{"rendered":"<p>Condensador de agua de segunda mano (agua pura o glicol) de 2019 en estado perfecto. Compuesto de 12 ventiladores, cada uno equipado con la opci\u00f3n de bajo sonido, este equipo de refrigeraci\u00f3n de segunda mano produce entre 450kW y 600kW dependiendo de las condiciones de funcionamiento. Material probado en nuestro banco de pruebas (ventiladores y test de presi\u00f3n del circuito hidr\u00e1ulico) y vendido con una garant\u00eda de 6 meses.    <\/p>\n","protected":false},"featured_media":4503,"template":"","meta":{"_acf_changed":false,"_et_pb_use_builder":"","_et_pb_old_content":"","_et_gb_content_width":""},"product_brand":[],"product_cat":[564],"product_tag":[],"class_list":{"0":"post-4556","1":"product","2":"type-product","3":"status-publish","4":"has-post-thumbnail","6":"product_cat-condensadores","8":"first","9":"instock","10":"shipping-taxable","11":"purchasable","12":"product-type-simple"},"acf":[],"_links":{"self":[{"href":"https:\/\/www.mia-equipments.com\/es\/wp-json\/wp\/v2\/product\/4556","targetHints":{"allow":["GET"]}}],"collection":[{"href":"https:\/\/www.mia-equipments.com\/es\/wp-json\/wp\/v2\/product"}],"about":[{"href":"https:\/\/www.mia-equipments.com\/es\/wp-json\/wp\/v2\/types\/product"}],"wp:featuredmedia":[{"embeddable":true,"href":"https:\/\/www.mia-equipments.com\/es\/wp-json\/wp\/v2\/media\/4503"}],"wp:attachment":[{"href":"https:\/\/www.mia-equipments.com\/es\/wp-json\/wp\/v2\/media?parent=4556"}],"wp:term":[{"taxonomy":"product_brand","embeddable":true,"href":"https:\/\/www.mia-equipments.com\/es\/wp-json\/wp\/v2\/product_brand?post=4556"},{"taxonomy":"product_cat","embeddable":true,"href":"https:\/\/www.mia-equipments.com\/es\/wp-json\/wp\/v2\/product_cat?post=4556"},{"taxonomy":"product_tag","embeddable":true,"href":"https:\/\/www.mia-equipments.com\/es\/wp-json\/wp\/v2\/product_tag?post=4556"}],"curies":[{"name":"wp","href":"https:\/\/api.w.org\/{rel}","templated":true}]}}