{"id":4681,"date":"2023-11-20T11:47:39","date_gmt":"2023-11-20T10:47:39","guid":{"rendered":"https:\/\/www.mia-equipments.com\/catalogue\/ch00122\/"},"modified":"2026-04-07T11:43:01","modified_gmt":"2026-04-07T09:43:01","slug":"ch00122","status":"publish","type":"product","link":"https:\/\/www.mia-equipments.com\/es\/catalogue\/ch00122\/","title":{"rendered":"CGAX046"},"content":{"rendered":"<p>Enfriadora de agua de segunda mano TRANE en estado perfecto. Compuesto de 4 compresores SCROLL (2 circuitos) y de un intercambiador de placas soldadas, este enfriador casi nuevo est\u00e1 ya disponible. Ventiladores con variaci\u00f3n de velocidad. Este chiller est\u00e1 vendido probado en nuestro banco de pruebas (video e informe proporcionado) y con una garant\u00eda de 6 meses.<\/p>\n","protected":false},"excerpt":{"rendered":"<p>Enfriadora de agua de segunda mano TRANE en estado perfecto. Compuesto de 4 compresores SCROLL (2 circuitos) y de un intercambiador de placas soldadas, este enfriador casi nuevo est\u00e1 ya disponible. Ventiladores con variaci\u00f3n de velocidad. Este chiller est\u00e1 vendido probado en nuestro banco de pruebas (video e informe proporcionado) y con una garant\u00eda de 6 meses.<\/p>\n","protected":false},"featured_media":4588,"template":"","meta":{"_acf_changed":false,"_et_pb_use_builder":"","_et_pb_old_content":"","_et_gb_content_width":""},"product_brand":[],"product_cat":[846],"product_tag":[],"class_list":{"0":"post-4681","1":"product","2":"type-product","3":"status-publish","4":"has-post-thumbnail","6":"product_cat-plantas-enfriadoras","8":"first","9":"outofstock","10":"purchasable","11":"product-type-simple"},"acf":[],"_links":{"self":[{"href":"https:\/\/www.mia-equipments.com\/es\/wp-json\/wp\/v2\/product\/4681","targetHints":{"allow":["GET"]}}],"collection":[{"href":"https:\/\/www.mia-equipments.com\/es\/wp-json\/wp\/v2\/product"}],"about":[{"href":"https:\/\/www.mia-equipments.com\/es\/wp-json\/wp\/v2\/types\/product"}],"wp:featuredmedia":[{"embeddable":true,"href":"https:\/\/www.mia-equipments.com\/es\/wp-json\/wp\/v2\/media\/4588"}],"wp:attachment":[{"href":"https:\/\/www.mia-equipments.com\/es\/wp-json\/wp\/v2\/media?parent=4681"}],"wp:term":[{"taxonomy":"product_brand","embeddable":true,"href":"https:\/\/www.mia-equipments.com\/es\/wp-json\/wp\/v2\/product_brand?post=4681"},{"taxonomy":"product_cat","embeddable":true,"href":"https:\/\/www.mia-equipments.com\/es\/wp-json\/wp\/v2\/product_cat?post=4681"},{"taxonomy":"product_tag","embeddable":true,"href":"https:\/\/www.mia-equipments.com\/es\/wp-json\/wp\/v2\/product_tag?post=4681"}],"curies":[{"name":"wp","href":"https:\/\/api.w.org\/{rel}","templated":true}]}}