{"id":4685,"date":"2023-11-20T11:47:47","date_gmt":"2023-11-20T10:47:47","guid":{"rendered":"https:\/\/www.mia-equipments.com\/catalogue\/lc00012\/"},"modified":"2023-11-20T11:47:47","modified_gmt":"2023-11-20T10:47:47","slug":"lc00012","status":"publish","type":"product","link":"https:\/\/www.mia-equipments.com\/es\/catalogue\/lc00012\/","title":{"rendered":"RTAC 240"},"content":{"rendered":"<p>Chiller de segunda mano TRANE en estado perfecto. Compuesto de 3 compresores de tornillo TRANE y de un intercambiador tubular, este enfriador funciona tanto a un r\u00e9gimen de temperatura negativo (glicol) y positivo. La gamma RTAC esta conocida por su robustez y fiabilidad. Esta m\u00e1quina frigor\u00edfica puede ser utilizado en cualquier process industrial y en el sector terciario.<\/p>\n","protected":false},"excerpt":{"rendered":"<p>Chiller de segunda mano TRANE en estado perfecto. Compuesto de 3 compresores de tornillo TRANE y de un intercambiador tubular, este enfriador funciona tanto a un r\u00e9gimen de temperatura negativo (glicol) y positivo. La gamma RTAC esta conocida por su robustez y fiabilidad. Esta m\u00e1quina frigor\u00edfica puede ser utilizado en cualquier process industrial y en el sector terciario.<\/p>\n","protected":false},"featured_media":4656,"template":"","meta":{"_acf_changed":false,"_et_pb_use_builder":"","_et_pb_old_content":"","_et_gb_content_width":""},"product_brand":[],"product_cat":[846],"product_tag":[],"class_list":{"0":"post-4685","1":"product","2":"type-product","3":"status-publish","4":"has-post-thumbnail","6":"product_cat-plantas-enfriadoras","8":"first","9":"instock","10":"purchasable","11":"product-type-simple"},"acf":[],"_links":{"self":[{"href":"https:\/\/www.mia-equipments.com\/es\/wp-json\/wp\/v2\/product\/4685","targetHints":{"allow":["GET"]}}],"collection":[{"href":"https:\/\/www.mia-equipments.com\/es\/wp-json\/wp\/v2\/product"}],"about":[{"href":"https:\/\/www.mia-equipments.com\/es\/wp-json\/wp\/v2\/types\/product"}],"wp:featuredmedia":[{"embeddable":true,"href":"https:\/\/www.mia-equipments.com\/es\/wp-json\/wp\/v2\/media\/4656"}],"wp:attachment":[{"href":"https:\/\/www.mia-equipments.com\/es\/wp-json\/wp\/v2\/media?parent=4685"}],"wp:term":[{"taxonomy":"product_brand","embeddable":true,"href":"https:\/\/www.mia-equipments.com\/es\/wp-json\/wp\/v2\/product_brand?post=4685"},{"taxonomy":"product_cat","embeddable":true,"href":"https:\/\/www.mia-equipments.com\/es\/wp-json\/wp\/v2\/product_cat?post=4685"},{"taxonomy":"product_tag","embeddable":true,"href":"https:\/\/www.mia-equipments.com\/es\/wp-json\/wp\/v2\/product_tag?post=4685"}],"curies":[{"name":"wp","href":"https:\/\/api.w.org\/{rel}","templated":true}]}}