{"id":5425,"date":"2024-12-10T11:23:05","date_gmt":"2024-12-10T10:23:05","guid":{"rendered":"https:\/\/www.mia-equipments.com\/catalogue\/ch00225\/"},"modified":"2024-12-10T11:28:59","modified_gmt":"2024-12-10T10:28:59","slug":"ch00225","status":"publish","type":"product","link":"https:\/\/www.mia-equipments.com\/es\/catalogue\/ch00225\/","title":{"rendered":"RTAD 145"},"content":{"rendered":"<p>Enfriador de segunda mano en muy buen estado. Con una capacidad de refrigeraci\u00f3n de 516,9 kW, este enfriador dispone de 2 circuitos, cada uno equipado con un compresor a tornillo TRANE. La serie RTAD es una de las gamas de enfriadores de agua m\u00e1s fiables y eficientes de los \u00faltimos 30 a\u00f1os, tanto en cuanto a su funcionamiento como a su robustez.<\/p>\n","protected":false},"excerpt":{"rendered":"<p>Enfriador de segunda mano en muy buen estado. Con una capacidad de refrigeraci\u00f3n de 516,9 kW, este enfriador dispone de 2 circuitos, cada uno equipado con un compresor a tornillo TRANE. La serie RTAD es una de las gamas de enfriadores de agua m\u00e1s fiables y eficientes de los \u00faltimos 30 a\u00f1os, tanto en cuanto a su funcionamiento como a su robustez.<\/p>\n","protected":false},"featured_media":5299,"template":"","meta":{"_acf_changed":false,"_et_pb_use_builder":"","_et_pb_old_content":"","_et_gb_content_width":""},"product_brand":[],"product_cat":[846],"product_tag":[],"class_list":{"0":"post-5425","1":"product","2":"type-product","3":"status-publish","4":"has-post-thumbnail","6":"product_cat-plantas-enfriadoras","8":"first","9":"instock","10":"purchasable","11":"product-type-simple"},"acf":[],"_links":{"self":[{"href":"https:\/\/www.mia-equipments.com\/es\/wp-json\/wp\/v2\/product\/5425","targetHints":{"allow":["GET"]}}],"collection":[{"href":"https:\/\/www.mia-equipments.com\/es\/wp-json\/wp\/v2\/product"}],"about":[{"href":"https:\/\/www.mia-equipments.com\/es\/wp-json\/wp\/v2\/types\/product"}],"wp:featuredmedia":[{"embeddable":true,"href":"https:\/\/www.mia-equipments.com\/es\/wp-json\/wp\/v2\/media\/5299"}],"wp:attachment":[{"href":"https:\/\/www.mia-equipments.com\/es\/wp-json\/wp\/v2\/media?parent=5425"}],"wp:term":[{"taxonomy":"product_brand","embeddable":true,"href":"https:\/\/www.mia-equipments.com\/es\/wp-json\/wp\/v2\/product_brand?post=5425"},{"taxonomy":"product_cat","embeddable":true,"href":"https:\/\/www.mia-equipments.com\/es\/wp-json\/wp\/v2\/product_cat?post=5425"},{"taxonomy":"product_tag","embeddable":true,"href":"https:\/\/www.mia-equipments.com\/es\/wp-json\/wp\/v2\/product_tag?post=5425"}],"curies":[{"name":"wp","href":"https:\/\/api.w.org\/{rel}","templated":true}]}}