{"id":5428,"date":"2024-12-10T11:23:39","date_gmt":"2024-12-10T10:23:39","guid":{"rendered":"https:\/\/www.mia-equipments.com\/catalogue\/ch00177\/"},"modified":"2024-12-10T11:29:03","modified_gmt":"2024-12-10T10:29:03","slug":"ch00177","status":"publish","type":"product","link":"https:\/\/www.mia-equipments.com\/es\/catalogue\/ch00177\/","title":{"rendered":"30RBP 470"},"content":{"rendered":"<p>Enfriador de agua de segunda mano en perfecto estado. Con una capacidad de refrigeraci\u00f3n de 464 kW, este enfriador cuenta con 2 circuitos equipados con compresores SCROLL de \u00faltima generaci\u00f3n. Incluye un m\u00f3dulo hidr\u00e1ulico con bomba doble.<\/p>\n","protected":false},"excerpt":{"rendered":"<p>Enfriador de agua de segunda mano en perfecto estado. Con una capacidad de refrigeraci\u00f3n de 464 kW, este enfriador cuenta con 2 circuitos equipados con compresores SCROLL de \u00faltima generaci\u00f3n. Incluye un m\u00f3dulo hidr\u00e1ulico con bomba doble.<\/p>\n","protected":false},"featured_media":5346,"template":"","meta":{"_acf_changed":false,"_et_pb_use_builder":"","_et_pb_old_content":"","_et_gb_content_width":""},"product_brand":[],"product_cat":[846],"product_tag":[],"class_list":{"0":"post-5428","1":"product","2":"type-product","3":"status-publish","4":"has-post-thumbnail","6":"product_cat-plantas-enfriadoras","8":"first","9":"instock","10":"purchasable","11":"product-type-simple"},"acf":[],"_links":{"self":[{"href":"https:\/\/www.mia-equipments.com\/es\/wp-json\/wp\/v2\/product\/5428","targetHints":{"allow":["GET"]}}],"collection":[{"href":"https:\/\/www.mia-equipments.com\/es\/wp-json\/wp\/v2\/product"}],"about":[{"href":"https:\/\/www.mia-equipments.com\/es\/wp-json\/wp\/v2\/types\/product"}],"wp:featuredmedia":[{"embeddable":true,"href":"https:\/\/www.mia-equipments.com\/es\/wp-json\/wp\/v2\/media\/5346"}],"wp:attachment":[{"href":"https:\/\/www.mia-equipments.com\/es\/wp-json\/wp\/v2\/media?parent=5428"}],"wp:term":[{"taxonomy":"product_brand","embeddable":true,"href":"https:\/\/www.mia-equipments.com\/es\/wp-json\/wp\/v2\/product_brand?post=5428"},{"taxonomy":"product_cat","embeddable":true,"href":"https:\/\/www.mia-equipments.com\/es\/wp-json\/wp\/v2\/product_cat?post=5428"},{"taxonomy":"product_tag","embeddable":true,"href":"https:\/\/www.mia-equipments.com\/es\/wp-json\/wp\/v2\/product_tag?post=5428"}],"curies":[{"name":"wp","href":"https:\/\/api.w.org\/{rel}","templated":true}]}}