{"id":5964,"date":"2025-05-22T14:48:33","date_gmt":"2025-05-22T12:48:33","guid":{"rendered":"https:\/\/www.mia-equipments.com\/catalogue\/ch00303\/"},"modified":"2025-05-22T15:02:34","modified_gmt":"2025-05-22T13:02:34","slug":"ch00303","status":"publish","type":"product","link":"https:\/\/www.mia-equipments.com\/es\/catalogue\/ch00303\/","title":{"rendered":"RTAF 125 SE XLN"},"content":{"rendered":"<p>Unidad enfriadora TRANE reacondicionada en excelente estado. Sus 2 compresores de tornillo proporcionan una potencia frigor\u00edfica de 440 kW en condiciones EUROVENT. Equipada con una bomba doble, esta unidad est\u00e1 lista para una segunda vida. Versi\u00f3n extra silenciosa.<\/p>\n","protected":false},"excerpt":{"rendered":"<p>Unidad enfriadora TRANE reacondicionada en excelente estado. Sus 2 compresores de tornillo proporcionan una potencia frigor\u00edfica de 440 kW en condiciones EUROVENT. Equipada con una bomba doble, esta unidad est\u00e1 lista para una segunda vida. Versi\u00f3n extra silenciosa.<\/p>\n","protected":false},"featured_media":5924,"template":"","meta":{"_acf_changed":false,"_et_pb_use_builder":"","_et_pb_old_content":"","_et_gb_content_width":""},"product_brand":[],"product_cat":[846],"product_tag":[],"class_list":{"0":"post-5964","1":"product","2":"type-product","3":"status-publish","4":"has-post-thumbnail","6":"product_cat-plantas-enfriadoras","8":"first","9":"instock","10":"purchasable","11":"product-type-simple"},"acf":[],"_links":{"self":[{"href":"https:\/\/www.mia-equipments.com\/es\/wp-json\/wp\/v2\/product\/5964","targetHints":{"allow":["GET"]}}],"collection":[{"href":"https:\/\/www.mia-equipments.com\/es\/wp-json\/wp\/v2\/product"}],"about":[{"href":"https:\/\/www.mia-equipments.com\/es\/wp-json\/wp\/v2\/types\/product"}],"wp:featuredmedia":[{"embeddable":true,"href":"https:\/\/www.mia-equipments.com\/es\/wp-json\/wp\/v2\/media\/5924"}],"wp:attachment":[{"href":"https:\/\/www.mia-equipments.com\/es\/wp-json\/wp\/v2\/media?parent=5964"}],"wp:term":[{"taxonomy":"product_brand","embeddable":true,"href":"https:\/\/www.mia-equipments.com\/es\/wp-json\/wp\/v2\/product_brand?post=5964"},{"taxonomy":"product_cat","embeddable":true,"href":"https:\/\/www.mia-equipments.com\/es\/wp-json\/wp\/v2\/product_cat?post=5964"},{"taxonomy":"product_tag","embeddable":true,"href":"https:\/\/www.mia-equipments.com\/es\/wp-json\/wp\/v2\/product_tag?post=5964"}],"curies":[{"name":"wp","href":"https:\/\/api.w.org\/{rel}","templated":true}]}}