{"id":4060,"date":"2023-07-11T14:56:33","date_gmt":"2023-07-11T12:56:33","guid":{"rendered":"https:\/\/mia.dev.wedgi.fr\/catalogue\/ch00046-2\/"},"modified":"2025-05-22T15:15:01","modified_gmt":"2025-05-22T13:15:01","slug":"ch00046-2","status":"publish","type":"product","link":"https:\/\/www.mia-equipments.com\/it\/catalogue\/ch00046-2\/","title":{"rendered":"CHA\/KWP 604-P"},"content":{"rendered":"<p>Pompe \u00e0 chaleur d\u2019occasion Clint en tr\u00e8s bon \u00e9tat. Compos\u00e9 de 2 circuits ind\u00e9pendants, de compresseurs SCROLL et d\u2019un \u00e9changeur \u00e0 plaques bras\u00e9es, ce refroidisseur est pr\u00eat \u00e0 \u00eatre install\u00e9.<\/p>\n","protected":false},"excerpt":{"rendered":"<p>Pompe \u00e0 chaleur d\u2019occasion Clint en tr\u00e8s bon \u00e9tat. Compos\u00e9 de 2 circuits ind\u00e9pendants, de compresseurs SCROLL et d\u2019un \u00e9changeur \u00e0 plaques bras\u00e9es, ce refroidisseur est pr\u00eat \u00e0 \u00eatre install\u00e9.<\/p>\n","protected":false},"featured_media":3182,"template":"","meta":{"_acf_changed":false,"_et_pb_use_builder":"","_et_pb_old_content":"","_et_gb_content_width":""},"product_brand":[],"product_cat":[40],"product_tag":[],"class_list":{"0":"post-4060","1":"product","2":"type-product","3":"status-publish","4":"has-post-thumbnail","6":"product_cat-groupes-deau-glacee","8":"first","9":"instock","10":"purchasable","11":"product-type-simple"},"acf":[],"_links":{"self":[{"href":"https:\/\/www.mia-equipments.com\/it\/wp-json\/wp\/v2\/product\/4060","targetHints":{"allow":["GET"]}}],"collection":[{"href":"https:\/\/www.mia-equipments.com\/it\/wp-json\/wp\/v2\/product"}],"about":[{"href":"https:\/\/www.mia-equipments.com\/it\/wp-json\/wp\/v2\/types\/product"}],"wp:featuredmedia":[{"embeddable":true,"href":"https:\/\/www.mia-equipments.com\/it\/wp-json\/wp\/v2\/media\/3182"}],"wp:attachment":[{"href":"https:\/\/www.mia-equipments.com\/it\/wp-json\/wp\/v2\/media?parent=4060"}],"wp:term":[{"taxonomy":"product_brand","embeddable":true,"href":"https:\/\/www.mia-equipments.com\/it\/wp-json\/wp\/v2\/product_brand?post=4060"},{"taxonomy":"product_cat","embeddable":true,"href":"https:\/\/www.mia-equipments.com\/it\/wp-json\/wp\/v2\/product_cat?post=4060"},{"taxonomy":"product_tag","embeddable":true,"href":"https:\/\/www.mia-equipments.com\/it\/wp-json\/wp\/v2\/product_tag?post=4060"}],"curies":[{"name":"wp","href":"https:\/\/api.w.org\/{rel}","templated":true}]}}