{"id":5439,"date":"2024-12-10T11:23:05","date_gmt":"2024-12-10T10:23:05","guid":{"rendered":"https:\/\/www.mia-equipments.com\/catalogue\/ch00225\/"},"modified":"2024-12-10T11:31:47","modified_gmt":"2024-12-10T10:31:47","slug":"ch00225","status":"publish","type":"product","link":"https:\/\/www.mia-equipments.com\/it\/catalogue\/ch00225\/","title":{"rendered":"RTAD 145"},"content":{"rendered":"<p>Chiller usato in ottime condizioni. Con una capacit\u00e0 frigorifera di 516,9 kW, questo chiller \u00e8 dotato di 2 circuiti, ciascuno con un compressore a vite TRANE. La serie RTAD \u00e8 una delle gamme di chiller pi\u00f9 affidabili e efficienti degli ultimi 30 anni, sia per quanto riguarda il suo funzionamento che la sua robustezza.<\/p>\n","protected":false},"excerpt":{"rendered":"<p>Chiller usato in ottime condizioni. Con una capacit\u00e0 frigorifera di 516,9 kW, questo chiller \u00e8 dotato di 2 circuiti, ciascuno con un compressore a vite TRANE. La serie RTAD \u00e8 una delle gamme di chiller pi\u00f9 affidabili e efficienti degli ultimi 30 anni, sia per quanto riguarda il suo funzionamento che la sua robustezza.<\/p>\n","protected":false},"featured_media":5298,"template":"","meta":{"_acf_changed":false,"_et_pb_use_builder":"","_et_pb_old_content":"","_et_gb_content_width":""},"product_brand":[],"product_cat":[546],"product_tag":[],"class_list":{"0":"post-5439","1":"product","2":"type-product","3":"status-publish","4":"has-post-thumbnail","6":"product_cat-chiller","8":"first","9":"instock","10":"purchasable","11":"product-type-simple"},"acf":[],"_links":{"self":[{"href":"https:\/\/www.mia-equipments.com\/it\/wp-json\/wp\/v2\/product\/5439","targetHints":{"allow":["GET"]}}],"collection":[{"href":"https:\/\/www.mia-equipments.com\/it\/wp-json\/wp\/v2\/product"}],"about":[{"href":"https:\/\/www.mia-equipments.com\/it\/wp-json\/wp\/v2\/types\/product"}],"wp:featuredmedia":[{"embeddable":true,"href":"https:\/\/www.mia-equipments.com\/it\/wp-json\/wp\/v2\/media\/5298"}],"wp:attachment":[{"href":"https:\/\/www.mia-equipments.com\/it\/wp-json\/wp\/v2\/media?parent=5439"}],"wp:term":[{"taxonomy":"product_brand","embeddable":true,"href":"https:\/\/www.mia-equipments.com\/it\/wp-json\/wp\/v2\/product_brand?post=5439"},{"taxonomy":"product_cat","embeddable":true,"href":"https:\/\/www.mia-equipments.com\/it\/wp-json\/wp\/v2\/product_cat?post=5439"},{"taxonomy":"product_tag","embeddable":true,"href":"https:\/\/www.mia-equipments.com\/it\/wp-json\/wp\/v2\/product_tag?post=5439"}],"curies":[{"name":"wp","href":"https:\/\/api.w.org\/{rel}","templated":true}]}}